{"id":2714,"date":"2021-06-25T18:10:42","date_gmt":"2021-06-25T21:10:42","guid":{"rendered":"https:\/\/softmetais.com.br\/loja\/?post_type=product&#038;p=2714"},"modified":"2026-03-12T16:47:51","modified_gmt":"2026-03-12T19:47:51","slug":"pasta-para-soldar-1-caixa-com-10-potes-de-110g","status":"publish","type":"product","link":"https:\/\/softmetais.com.br\/loja\/product\/pasta-para-soldar-1-caixa-com-10-potes-de-110g\/","title":{"rendered":"Pasta para soldar &#8211; 1 caixa com 10 potes de 110g"},"content":{"rendered":"<ul>\n<li><strong>Nome comercial:<\/strong> Pasta para soldar em pote 110g<\/li>\n<li><strong>Peso: <\/strong>110g<\/li>\n<li><strong>Validade:<\/strong> 60 meses<\/li>\n<li><strong>Apresenta\u00e7\u00e3o:<\/strong> Caixa de papel\u00e3o com 10 potes de 110g<\/li>\n<li><strong>Onde utilizar:<\/strong> A pasta para soldar \u00e9 utilizada na prepara\u00e7\u00e3o de superf\u00edcies met\u00e1licas para a soldagem com ligas \u00e0 base de estanho. Ela dissolve a camada oxidada superficial que se forma naturalmente no contato do metal com o oxig\u00eanio contido na atmosfera. Camadas fortemente oxidadas (ferrugem), \u00f3leos e graxas dever ser previamente removidos. Aplica\u00e7\u00f5es comuns: tubos de cobre, calhas, superf\u00edcies zincadas, galvanizadas e lat\u00e3o. ATEN\u00c7\u00c3O: N\u00e3o deve ser usado em soldagem eletr\u00f4nica, onde os componentes s\u00e3o muito sens\u00edveis a corros\u00e3o. Para este tipo de soldagem, consultar o nosso Departamento T\u00e9cnico.<\/li>\n<li><strong>Seguran\u00e7a:<\/strong> Produto corrosivo. Cont\u00e9m Cloreto de Zinco. Usar pincel para aplicar o produto. Lavar as m\u00e3os com \u00e1gua e sab\u00e3o.<\/li>\n<li><strong>Solicitar Ficha de Seguran\u00e7a:<\/strong> FISPQ<\/li>\n<\/ul>\n<h3><strong>ATEN\u00c7\u00c3O: <\/strong>Para compras acima de R$1.000,00 entre com nosso time comercial atrav\u00e9s do <a href=\"https:\/\/api.whatsapp.com\/send?phone=5517997313870\">WhatsApp<\/a>.<\/h3>\n","protected":false},"excerpt":{"rendered":"<p><strong>C\u00f3digo:<\/strong> PS00PL11<br \/>\n<strong>Nome:<\/strong> Pasta para soldar em pote 110g<\/p>\n","protected":false},"featured_media":2715,"template":"","meta":{"_exactmetrics_skip_tracking":false,"_exactmetrics_sitenote_active":false,"_exactmetrics_sitenote_note":"","_exactmetrics_sitenote_category":0},"product_brand":[],"product_cat":[93],"product_tag":[],"class_list":{"0":"post-2714","1":"product","2":"type-product","3":"status-publish","4":"has-post-thumbnail","6":"product_cat-hidraulica","8":"first","9":"instock","10":"featured","11":"taxable","12":"shipping-taxable","13":"purchasable","14":"product-type-simple"},"_links":{"self":[{"href":"https:\/\/softmetais.com.br\/loja\/wp-json\/wp\/v2\/product\/2714","targetHints":{"allow":["GET"]}}],"collection":[{"href":"https:\/\/softmetais.com.br\/loja\/wp-json\/wp\/v2\/product"}],"about":[{"href":"https:\/\/softmetais.com.br\/loja\/wp-json\/wp\/v2\/types\/product"}],"wp:featuredmedia":[{"embeddable":true,"href":"https:\/\/softmetais.com.br\/loja\/wp-json\/wp\/v2\/media\/2715"}],"wp:attachment":[{"href":"https:\/\/softmetais.com.br\/loja\/wp-json\/wp\/v2\/media?parent=2714"}],"wp:term":[{"taxonomy":"product_brand","embeddable":true,"href":"https:\/\/softmetais.com.br\/loja\/wp-json\/wp\/v2\/product_brand?post=2714"},{"taxonomy":"product_cat","embeddable":true,"href":"https:\/\/softmetais.com.br\/loja\/wp-json\/wp\/v2\/product_cat?post=2714"},{"taxonomy":"product_tag","embeddable":true,"href":"https:\/\/softmetais.com.br\/loja\/wp-json\/wp\/v2\/product_tag?post=2714"}],"curies":[{"name":"wp","href":"https:\/\/api.w.org\/{rel}","templated":true}]}}