{"id":2568,"date":"2021-06-10T22:03:37","date_gmt":"2021-06-11T01:03:37","guid":{"rendered":"https:\/\/softmetais.com.br\/loja\/?post_type=product&#038;p=2568"},"modified":"2026-03-12T17:27:59","modified_gmt":"2026-03-12T20:27:59","slug":"fio-para-tubo-de-cobre-24mm-sn50-x-pb50-para-tudo-de-cobre","status":"publish","type":"product","link":"https:\/\/softmetais.com.br\/loja\/product\/fio-para-tubo-de-cobre-24mm-sn50-x-pb50-para-tudo-de-cobre\/","title":{"rendered":"Solda 50&#215;50 em fio cheio (SEM FLUXO) de 2,4 mm &#8211; caixa com 10 carret\u00e9is de 500 gramas"},"content":{"rendered":"<ul>\n<li><strong>Nome comercial:<\/strong> Fio para tubo de cobre 2,4mm &#8211; Sn50 X Pb50 para tudo de cobre<\/li>\n<li><strong>Peso: <\/strong>Carretel: 500g &#8211; Caixa: 5kg<\/li>\n<li><strong>Validade: <\/strong>Indeterminado<\/li>\n<li><strong>Apresenta\u00e7\u00e3o:<\/strong> Caixa de papel\u00e3o com 10 carret\u00e9is de 500g. Cor do carretel: preta.<\/li>\n<li><strong>Onde utilizar:<\/strong> Soldagem de tubula\u00e7\u00e3o de cobre e lat\u00e3o; pe\u00e7as de cobre, e outras.<\/li>\n<li><strong>Seguran\u00e7a:<\/strong> Cont\u00e9m chumbo.<\/li>\n<li><strong>Solicitar Ficha de Seguran\u00e7a:<\/strong> FISPQ<\/li>\n<\/ul>\n<h3><strong>ATEN\u00c7\u00c3O: <\/strong>Para compras acima de R$1.000,00 entre com nosso time comercial atrav\u00e9s do <a href=\"https:\/\/api.whatsapp.com\/send?phone=5517997313870\">WhatsApp<\/a>.<\/h3>\n","protected":false},"excerpt":{"rendered":"<p><strong>C\u00f3digo:<\/strong> SO50.Q24<br \/>\n<strong>Nome: <\/strong>Solda 50X50 Fio 2,4 mm<\/p>\n","protected":false},"featured_media":2569,"template":"","meta":{"_exactmetrics_skip_tracking":false,"_exactmetrics_sitenote_active":false,"_exactmetrics_sitenote_note":"","_exactmetrics_sitenote_category":0},"product_brand":[],"product_cat":[93],"product_tag":[],"class_list":{"0":"post-2568","1":"product","2":"type-product","3":"status-publish","4":"has-post-thumbnail","6":"product_cat-hidraulica","8":"first","9":"instock","10":"purchasable","11":"product-type-simple"},"_links":{"self":[{"href":"https:\/\/softmetais.com.br\/loja\/wp-json\/wp\/v2\/product\/2568","targetHints":{"allow":["GET"]}}],"collection":[{"href":"https:\/\/softmetais.com.br\/loja\/wp-json\/wp\/v2\/product"}],"about":[{"href":"https:\/\/softmetais.com.br\/loja\/wp-json\/wp\/v2\/types\/product"}],"wp:featuredmedia":[{"embeddable":true,"href":"https:\/\/softmetais.com.br\/loja\/wp-json\/wp\/v2\/media\/2569"}],"wp:attachment":[{"href":"https:\/\/softmetais.com.br\/loja\/wp-json\/wp\/v2\/media?parent=2568"}],"wp:term":[{"taxonomy":"product_brand","embeddable":true,"href":"https:\/\/softmetais.com.br\/loja\/wp-json\/wp\/v2\/product_brand?post=2568"},{"taxonomy":"product_cat","embeddable":true,"href":"https:\/\/softmetais.com.br\/loja\/wp-json\/wp\/v2\/product_cat?post=2568"},{"taxonomy":"product_tag","embeddable":true,"href":"https:\/\/softmetais.com.br\/loja\/wp-json\/wp\/v2\/product_tag?post=2568"}],"curies":[{"name":"wp","href":"https:\/\/api.w.org\/{rel}","templated":true}]}}