{"id":2482,"date":"2021-06-10T14:20:00","date_gmt":"2021-06-10T17:20:00","guid":{"rendered":"https:\/\/softmetais.com.br\/loja\/?post_type=product&#038;p=2482"},"modified":"2026-03-12T16:46:57","modified_gmt":"2026-03-12T19:46:57","slug":"liga-sem-chumbo-para-tubulacao-de-cobre-em-fio-24-mm-atende-as-diretivas-rohs-nbr","status":"publish","type":"product","link":"https:\/\/softmetais.com.br\/loja\/product\/liga-sem-chumbo-para-tubulacao-de-cobre-em-fio-24-mm-atende-as-diretivas-rohs-nbr\/","title":{"rendered":"Solda SEM CHUMBO Sn x Cu em fio de 2,4mm &#8211; carretel 500g"},"content":{"rendered":"<ul>\n<li><strong>Nome comercial:<\/strong> Liga sem chumbo para tubula\u00e7\u00e3o de cobre em fio 2,4 mm \u2013 Atende as diretivas Rohs; NBR<\/li>\n<li><strong>Peso: <\/strong>500g<\/li>\n<li><strong>Validade:<\/strong> Indeterminada<\/li>\n<li><strong>Apresenta\u00e7\u00e3o:<\/strong> Carretel com 500g<\/li>\n<li><strong>Onde utilizar:<\/strong> Soldagem de conex\u00f5es em tubula\u00e7\u00e3o de \u00e1gua, tubos de cobre, usados para o transporte de l\u00edquidos ou gases n\u00e3o corrosivos, com aux\u00edlio de ferro de soldar ou ma\u00e7arico aquecido a g\u00e1s. N\u00e3o cont\u00e9m fluxo interno. requer uso de um fluxo (pasta) para auxiliar na soldagem.<\/li>\n<li><strong>Seguran\u00e7a:<\/strong> N\u00e3o cont\u00e9m chumbo.<\/li>\n<li><strong>Solicitar Ficha de Seguran\u00e7a:<\/strong> FISPQ<\/li>\n<\/ul>\n<h3><strong>ATEN\u00c7\u00c3O: <\/strong>Para compras acima de R$1.000,00 entre com nosso time comercial atrav\u00e9s do <a href=\"https:\/\/api.whatsapp.com\/send?phone=5517997313870\">WhatsApp<\/a>.<\/h3>\n","protected":false},"excerpt":{"rendered":"<p><strong>C\u00f3digo:<\/strong> MP97.Q24<br \/>\n<strong>Nome:<\/strong> LIGA Sn97 X Cu3 em fio 2,4 mm<\/p>\n","protected":false},"featured_media":2483,"template":"","meta":{"_exactmetrics_skip_tracking":false,"_exactmetrics_sitenote_active":false,"_exactmetrics_sitenote_note":"","_exactmetrics_sitenote_category":0},"product_brand":[],"product_cat":[93],"product_tag":[],"class_list":{"0":"post-2482","1":"product","2":"type-product","3":"status-publish","4":"has-post-thumbnail","6":"product_cat-hidraulica","8":"first","9":"instock","10":"featured","11":"taxable","12":"shipping-taxable","13":"purchasable","14":"product-type-simple"},"_links":{"self":[{"href":"https:\/\/softmetais.com.br\/loja\/wp-json\/wp\/v2\/product\/2482","targetHints":{"allow":["GET"]}}],"collection":[{"href":"https:\/\/softmetais.com.br\/loja\/wp-json\/wp\/v2\/product"}],"about":[{"href":"https:\/\/softmetais.com.br\/loja\/wp-json\/wp\/v2\/types\/product"}],"wp:featuredmedia":[{"embeddable":true,"href":"https:\/\/softmetais.com.br\/loja\/wp-json\/wp\/v2\/media\/2483"}],"wp:attachment":[{"href":"https:\/\/softmetais.com.br\/loja\/wp-json\/wp\/v2\/media?parent=2482"}],"wp:term":[{"taxonomy":"product_brand","embeddable":true,"href":"https:\/\/softmetais.com.br\/loja\/wp-json\/wp\/v2\/product_brand?post=2482"},{"taxonomy":"product_cat","embeddable":true,"href":"https:\/\/softmetais.com.br\/loja\/wp-json\/wp\/v2\/product_cat?post=2482"},{"taxonomy":"product_tag","embeddable":true,"href":"https:\/\/softmetais.com.br\/loja\/wp-json\/wp\/v2\/product_tag?post=2482"}],"curies":[{"name":"wp","href":"https:\/\/api.w.org\/{rel}","templated":true}]}}