{"id":2458,"date":"2021-06-10T13:12:50","date_gmt":"2021-06-10T16:12:50","guid":{"rendered":"https:\/\/softmetais.com.br\/loja\/?post_type=product&#038;p=2458"},"modified":"2026-02-10T10:32:39","modified_gmt":"2026-02-10T13:32:39","slug":"fio-lead-free-com-fluxo-resinoso-07-mm-atende-as-diretivas-rohs-2","status":"publish","type":"product","link":"https:\/\/softmetais.com.br\/loja\/product\/fio-lead-free-com-fluxo-resinoso-07-mm-atende-as-diretivas-rohs-2\/","title":{"rendered":"Solda SEM CHUMBO Sn x Cu x Ag 0,3% em fio com fluxo resinoso de 0,7 mm- tubete 15g"},"content":{"rendered":"<ul>\n<li><strong>Nome comercial:<\/strong> Fio LEAD FREE com fluxo resinoso 0,7 mm &#8211; Atende as diretivas Rohs<\/li>\n<li><strong>Peso: <\/strong>15g<\/li>\n<li><strong>Validade:<\/strong> 48 meses<\/li>\n<li><strong>Apresenta\u00e7\u00e3o:<\/strong> Tubete com 15g<\/li>\n<li><strong>Onde utilizar:<\/strong> Soldagens de componentes; retrablhos de PCI&#8217;s onde n\u00e3o \u00e9 permitida a presen\u00e7a de chumbo.<\/li>\n<li><strong>Seguran\u00e7a:<\/strong> N\u00e3o cont\u00e9m CHUMBO.<\/li>\n<li><strong>Solicitar Ficha de Seguran\u00e7a:<\/strong> FISPQ<\/li>\n<\/ul>\n<h3><strong>ATEN\u00c7\u00c3O: <\/strong>Para compras acima de R$1.000,00 entre com nosso time comercial atrav\u00e9s do <a href=\"https:\/\/api.whatsapp.com\/send?phone=5517997313870\">WhatsApp<\/a>.<\/h3>\n","protected":false},"excerpt":{"rendered":"<p><strong>C\u00f3digo: <\/strong>EC98RU07<br \/>\n<strong>Nome: <\/strong>Solda Sn99 X Cu0,7 X Ag0,3 em fio 0,7 mm com fluxo resinoso &#8211; Atende as diretivas Rohs.<\/p>\n","protected":false},"featured_media":2461,"template":"","meta":{"_exactmetrics_skip_tracking":false,"_exactmetrics_sitenote_active":false,"_exactmetrics_sitenote_note":"","_exactmetrics_sitenote_category":0},"product_brand":[],"product_cat":[92],"product_tag":[],"class_list":{"0":"post-2458","1":"product","2":"type-product","3":"status-publish","4":"has-post-thumbnail","6":"product_cat-eletronica","8":"first","9":"instock","10":"featured","11":"taxable","12":"shipping-taxable","13":"purchasable","14":"product-type-simple"},"_links":{"self":[{"href":"https:\/\/softmetais.com.br\/loja\/wp-json\/wp\/v2\/product\/2458","targetHints":{"allow":["GET"]}}],"collection":[{"href":"https:\/\/softmetais.com.br\/loja\/wp-json\/wp\/v2\/product"}],"about":[{"href":"https:\/\/softmetais.com.br\/loja\/wp-json\/wp\/v2\/types\/product"}],"wp:featuredmedia":[{"embeddable":true,"href":"https:\/\/softmetais.com.br\/loja\/wp-json\/wp\/v2\/media\/2461"}],"wp:attachment":[{"href":"https:\/\/softmetais.com.br\/loja\/wp-json\/wp\/v2\/media?parent=2458"}],"wp:term":[{"taxonomy":"product_brand","embeddable":true,"href":"https:\/\/softmetais.com.br\/loja\/wp-json\/wp\/v2\/product_brand?post=2458"},{"taxonomy":"product_cat","embeddable":true,"href":"https:\/\/softmetais.com.br\/loja\/wp-json\/wp\/v2\/product_cat?post=2458"},{"taxonomy":"product_tag","embeddable":true,"href":"https:\/\/softmetais.com.br\/loja\/wp-json\/wp\/v2\/product_tag?post=2458"}],"curies":[{"name":"wp","href":"https:\/\/api.w.org\/{rel}","templated":true}]}}